{"id":5861,"date":"2015-02-27T16:55:15","date_gmt":"2015-02-27T16:55:15","guid":{"rendered":"http:\/\/192.168.1.121\/wordpress.mu\/howfresh\/?page_id=5861"},"modified":"2025-09-11T11:37:31","modified_gmt":"2025-09-11T11:37:31","slug":"bar-paris","status":"publish","type":"page","link":"https:\/\/verde-paris.fr\/fr_fr\/bar-paris","title":{"rendered":"Le Bar"},"content":{"rendered":"","protected":false},"excerpt":{"rendered":"","protected":false},"author":1,"featured_media":7557,"parent":0,"menu_order":0,"comment_status":"closed","ping_status":"closed","template":"","meta":{"footnotes":""},"class_list":["post-5861","page","type-page","status-publish","has-post-thumbnail","hentry"],"yoast_head":"<!-- This site is optimized with the Yoast SEO plugin v14.9 - https:\/\/yoast.com\/wordpress\/plugins\/seo\/ -->\n<title>Le Bar - Restaurant &amp; Bar Exquis Festif Paris, Champs Elys\u00e9es<\/title>\n<meta name=\"description\" content=\"D\u00e9couvrez le Bar unique du restaurant VERDE Paris. Un lieu exquis situ\u00e9 \u00e0 Paris pr\u00e8s de l&#039;avenue des Champs Elys\u00e9es\" \/>\n<meta name=\"robots\" content=\"index, follow, max-snippet:-1, max-image-preview:large, max-video-preview:-1\" \/>\n<link rel=\"canonical\" href=\"https:\/\/verde-paris.fr\/fr_fr\/bar-paris\/\" \/>\n<meta property=\"og:locale\" content=\"fr_FR\" \/>\n<meta property=\"og:type\" content=\"article\" \/>\n<meta property=\"og:title\" content=\"Le Bar - Restaurant &amp; Bar Exquis Festif Paris, Champs Elys\u00e9es\" \/>\n<meta property=\"og:description\" content=\"D\u00e9couvrez le Bar unique du restaurant VERDE Paris. Un lieu exquis situ\u00e9 \u00e0 Paris pr\u00e8s de l&#039;avenue des Champs Elys\u00e9es\" \/>\n<meta property=\"og:url\" content=\"https:\/\/verde-paris.fr\/fr_fr\/bar-paris\/\" \/>\n<meta property=\"og:site_name\" content=\"Restaurant Verde Paris\" \/>\n<meta property=\"article:modified_time\" content=\"2025-09-11T11:37:31+00:00\" \/>\n<meta name=\"twitter:card\" content=\"summary_large_image\" \/>\n<script type=\"application\/ld+json\" class=\"yoast-schema-graph\">{\"@context\":\"https:\/\/schema.org\",\"@graph\":[{\"@type\":\"WebSite\",\"@id\":\"https:\/\/verde-paris.fr\/fr_fr\/#website\",\"url\":\"https:\/\/verde-paris.fr\/fr_fr\/\",\"name\":\"Restaurant Verde Paris\",\"description\":\"Restaurant Bar \\u00e0 Paris\",\"potentialAction\":[{\"@type\":\"SearchAction\",\"target\":\"https:\/\/verde-paris.fr\/fr_fr\/?s={search_term_string}\",\"query-input\":\"required name=search_term_string\"}],\"inLanguage\":\"fr-FR\"},{\"@type\":\"ImageObject\",\"@id\":\"https:\/\/verde-paris.fr\/bar-paris#primaryimage\",\"inLanguage\":\"fr-FR\",\"url\":\"\"},{\"@type\":\"WebPage\",\"@id\":\"https:\/\/verde-paris.fr\/bar-paris#webpage\",\"url\":\"https:\/\/verde-paris.fr\/bar-paris\",\"name\":\"Le Bar - Restaurant & Bar Exquis Festif Paris, Champs Elys\\u00e9es\",\"isPartOf\":{\"@id\":\"https:\/\/verde-paris.fr\/fr_fr\/#website\"},\"primaryImageOfPage\":{\"@id\":\"https:\/\/verde-paris.fr\/bar-paris#primaryimage\"},\"datePublished\":\"2015-02-27T16:55:15+00:00\",\"dateModified\":\"2025-09-11T11:37:31+00:00\",\"description\":\"D\\u00e9couvrez le Bar unique du restaurant VERDE Paris. Un lieu exquis situ\\u00e9 \\u00e0 Paris pr\\u00e8s de l'avenue des Champs Elys\\u00e9es\",\"inLanguage\":\"fr-FR\",\"potentialAction\":[{\"@type\":\"ReadAction\",\"target\":[\"https:\/\/verde-paris.fr\/bar-paris\"]}]}]}<\/script>\n<!-- \/ Yoast SEO plugin. -->","_links":{"self":[{"href":"https:\/\/verde-paris.fr\/fr_fr\/wp-json\/wp\/v2\/pages\/5861","targetHints":{"allow":["GET"]}}],"collection":[{"href":"https:\/\/verde-paris.fr\/fr_fr\/wp-json\/wp\/v2\/pages"}],"about":[{"href":"https:\/\/verde-paris.fr\/fr_fr\/wp-json\/wp\/v2\/types\/page"}],"author":[{"embeddable":true,"href":"https:\/\/verde-paris.fr\/fr_fr\/wp-json\/wp\/v2\/users\/1"}],"replies":[{"embeddable":true,"href":"https:\/\/verde-paris.fr\/fr_fr\/wp-json\/wp\/v2\/comments?post=5861"}],"version-history":[{"count":3,"href":"https:\/\/verde-paris.fr\/fr_fr\/wp-json\/wp\/v2\/pages\/5861\/revisions"}],"predecessor-version":[{"id":12437,"href":"https:\/\/verde-paris.fr\/fr_fr\/wp-json\/wp\/v2\/pages\/5861\/revisions\/12437"}],"wp:featuredmedia":[{"embeddable":true,"href":"https:\/\/verde-paris.fr\/fr_fr\/wp-json\/"}],"wp:attachment":[{"href":"https:\/\/verde-paris.fr\/fr_fr\/wp-json\/wp\/v2\/media?parent=5861"}],"curies":[{"name":"wp","href":"https:\/\/api.w.org\/{rel}","templated":true}]}}