{"id":10419,"date":"2017-03-04T20:51:37","date_gmt":"2017-03-04T20:51:37","guid":{"rendered":"http:\/\/192.168.1.3\/wordpress\/sceneone\/?page_id=10419"},"modified":"2025-09-11T10:42:10","modified_gmt":"2025-09-11T10:42:10","slug":"verde-paris-2","status":"publish","type":"page","link":"https:\/\/verde-paris.fr\/fr_fr\/","title":{"rendered":"Restaurant Bar Verde Paris"},"content":{"rendered":"","protected":false},"excerpt":{"rendered":"","protected":false},"author":1,"featured_media":0,"parent":0,"menu_order":0,"comment_status":"closed","ping_status":"closed","template":"","meta":{"footnotes":""},"class_list":["post-10419","page","type-page","status-publish","hentry"],"yoast_head":"<!-- This site is optimized with the Yoast SEO plugin v14.9 - https:\/\/yoast.com\/wordpress\/plugins\/seo\/ -->\n<title>VERDE Paris - Restaurant &amp; Bar Exquis Festif Paris, Champs Elys\u00e9es<\/title>\n<meta name=\"description\" content=\"Verde est un restaurant bar branch\u00e9 situ\u00e9 \u00e0 Paris, sur l&#039;avenue George V, pr\u00e8s de Louis Vuitton et des Champs Elys\u00e9es. C&#039;est l&#039;h\u00e9ritage du Yeeels, tout proche des magnifiques palaces George V, Plaza et le futur Bulgari Hotel Paris\" \/>\n<meta name=\"robots\" content=\"index, follow, max-snippet:-1, max-image-preview:large, max-video-preview:-1\" \/>\n<link rel=\"canonical\" href=\"https:\/\/verde-paris.fr\/fr_fr\/\" \/>\n<meta property=\"og:locale\" content=\"fr_FR\" \/>\n<meta property=\"og:type\" content=\"article\" \/>\n<meta property=\"og:title\" content=\"VERDE Paris - Restaurant &amp; Bar Exquis Festif Paris, Champs Elys\u00e9es\" \/>\n<meta property=\"og:description\" content=\"Verde est un restaurant bar branch\u00e9 situ\u00e9 \u00e0 Paris, sur l&#039;avenue George V, pr\u00e8s de Louis Vuitton et des Champs Elys\u00e9es. C&#039;est l&#039;h\u00e9ritage du Yeeels, tout proche des magnifiques palaces George V, Plaza et le futur Bulgari Hotel Paris\" \/>\n<meta property=\"og:url\" content=\"https:\/\/verde-paris.fr\/fr_fr\/\" \/>\n<meta property=\"og:site_name\" content=\"Restaurant Verde Paris\" \/>\n<meta property=\"article:modified_time\" content=\"2025-09-11T10:42:10+00:00\" \/>\n<meta name=\"twitter:card\" content=\"summary_large_image\" \/>\n<script type=\"application\/ld+json\" class=\"yoast-schema-graph\">{\"@context\":\"https:\/\/schema.org\",\"@graph\":[{\"@type\":\"WebSite\",\"@id\":\"https:\/\/verde-paris.fr\/fr_fr\/#website\",\"url\":\"https:\/\/verde-paris.fr\/fr_fr\/\",\"name\":\"Restaurant Verde Paris\",\"description\":\"Restaurant Bar \\u00e0 Paris\",\"potentialAction\":[{\"@type\":\"SearchAction\",\"target\":\"https:\/\/verde-paris.fr\/fr_fr\/?s={search_term_string}\",\"query-input\":\"required name=search_term_string\"}],\"inLanguage\":\"fr-FR\"},{\"@type\":\"WebPage\",\"@id\":\"https:\/\/verde-paris.fr\/#webpage\",\"url\":\"https:\/\/verde-paris.fr\/\",\"name\":\"VERDE Paris - Restaurant & Bar Exquis Festif Paris, Champs Elys\\u00e9es\",\"isPartOf\":{\"@id\":\"https:\/\/verde-paris.fr\/fr_fr\/#website\"},\"datePublished\":\"2017-03-04T20:51:37+00:00\",\"dateModified\":\"2025-09-11T10:42:10+00:00\",\"description\":\"Verde est un restaurant bar branch\\u00e9 situ\\u00e9 \\u00e0 Paris, sur l'avenue George V, pr\\u00e8s de Louis Vuitton et des Champs Elys\\u00e9es. C'est l'h\\u00e9ritage du Yeeels, tout proche des magnifiques palaces George V, Plaza et le futur Bulgari Hotel Paris\",\"inLanguage\":\"fr-FR\",\"potentialAction\":[{\"@type\":\"ReadAction\",\"target\":[\"https:\/\/verde-paris.fr\/\"]}]}]}<\/script>\n<!-- \/ Yoast SEO plugin. -->","_links":{"self":[{"href":"https:\/\/verde-paris.fr\/fr_fr\/wp-json\/wp\/v2\/pages\/10419","targetHints":{"allow":["GET"]}}],"collection":[{"href":"https:\/\/verde-paris.fr\/fr_fr\/wp-json\/wp\/v2\/pages"}],"about":[{"href":"https:\/\/verde-paris.fr\/fr_fr\/wp-json\/wp\/v2\/types\/page"}],"author":[{"embeddable":true,"href":"https:\/\/verde-paris.fr\/fr_fr\/wp-json\/wp\/v2\/users\/1"}],"replies":[{"embeddable":true,"href":"https:\/\/verde-paris.fr\/fr_fr\/wp-json\/wp\/v2\/comments?post=10419"}],"version-history":[{"count":4,"href":"https:\/\/verde-paris.fr\/fr_fr\/wp-json\/wp\/v2\/pages\/10419\/revisions"}],"predecessor-version":[{"id":12391,"href":"https:\/\/verde-paris.fr\/fr_fr\/wp-json\/wp\/v2\/pages\/10419\/revisions\/12391"}],"wp:attachment":[{"href":"https:\/\/verde-paris.fr\/fr_fr\/wp-json\/wp\/v2\/media?parent=10419"}],"curies":[{"name":"wp","href":"https:\/\/api.w.org\/{rel}","templated":true}]}}